{"id":13339,"date":"2023-11-02T08:16:59","date_gmt":"2023-11-02T08:16:59","guid":{"rendered":"https:\/\/gemeinsameltern.de\/?page_id=13339"},"modified":"2023-11-02T08:27:30","modified_gmt":"2023-11-02T08:27:30","slug":"impressum","status":"publish","type":"page","link":"https:\/\/gemeinsameltern.de\/?page_id=13339","title":{"rendered":"Impressum"},"content":{"rendered":"\n<h1 class=\"wp-block-heading\"><\/h1>\n\n\n\n<h2 class=\"wp-block-heading\" id=\"m46\">Diensteanbieter<\/h2>\n\n\n\n<p>Bl\u00fchende Landschaften e.V.<\/p>\n\n\n\n<p>Sieben Linden 1<\/p>\n\n\n\n<p>38489 Beetzendorf<\/p>\n\n\n\n<h2 class=\"wp-block-heading\" id=\"m56\">Kontaktm\u00f6glichkeiten<\/h2>\n\n\n\n<p>E-Mail-Adresse: <a href=\"mailto:info@eurotopia.de\">info@eurotopia.de<\/a> <\/p>\n\n\n\n<p>Telefon: +49-(0)39000-989419<\/p>\n\n\n\n<h2 class=\"wp-block-heading\" id=\"m153\">Vertretungsberechtigte Personen<\/h2>\n\n\n\n<p>Vertretungsberechtigt:<\/p>\n\n\n\n<p>Michael W\u00fcrfel (Vorstand), Julia Kommerell (Vorstand)<\/p>\n\n\n\n<h2 class=\"wp-block-heading\" id=\"m151\">Register und Registernummer<\/h2>\n\n\n\n<p>Vereinsregister. Gef\u00fchrt bei:<\/p>\n\n\n\n<p>Amtsgericht Stendal Nummer: VR 2978<\/p>\n\n\n\n<h2 class=\"wp-block-heading\" id=\"m65\">Haftungs- und Schutzrechtshinweise<\/h2>\n\n\n\n<p>Links auf fremde Webseiten: Die Inhalte fremder Webseiten, auf die wir direkt oder indirekt verweisen, liegen au\u00dferhalb unseres Verantwortungsbereiches und wir machen sie uns nicht zu Eigen. F\u00fcr alle Inhalte und Nachteile, die aus der Nutzung der in den verlinkten Webseiten aufrufbaren Informationen entstehen, \u00fcbernehmen wir keine Verantwortung.<\/p>\n\n\n\n<p><a href=\"https:\/\/datenschutz-generator.de\/\" target=\"_blank\" rel=\"noreferrer noopener\">Erstellt mit kostenlosem Datenschutz-Generator.de von Dr. Thomas Schwenke<\/a><\/p>\n","protected":false},"excerpt":{"rendered":"<p>Diensteanbieter Bl\u00fchende Landschaften e.V. Sieben Linden 1 38489 Beetzendorf Kontaktm\u00f6glichkeiten E-Mail-Adresse: info@eurotopia.de Telefon: +49-(0)39000-989419 Vertretungsberechtigte Personen Vertretungsberechtigt: Michael W\u00fcrfel (Vorstand), Julia Kommerell (Vorstand) Register und Registernummer Vereinsregister. Gef\u00fchrt bei: Amtsgericht Stendal Nummer: VR 2978 Haftungs- und Schutzrechtshinweise Links auf fremde Webseiten: Die Inhalte fremder Webseiten, auf die wir direkt oder indirekt verweisen, liegen au\u00dferhalb unseres &hellip; <a href=\"https:\/\/gemeinsameltern.de\/?page_id=13339\" class=\"more-link\"><span class=\"screen-reader-text\">\u201eImpressum\u201c <\/span>weiterlesen<\/a><\/p>\n","protected":false},"author":1,"featured_media":0,"parent":0,"menu_order":0,"comment_status":"closed","ping_status":"closed","template":"","meta":{"footnotes":""},"class_list":["post-13339","page","type-page","status-publish","hentry"],"_links":{"self":[{"href":"https:\/\/gemeinsameltern.de\/index.php?rest_route=\/wp\/v2\/pages\/13339","targetHints":{"allow":["GET"]}}],"collection":[{"href":"https:\/\/gemeinsameltern.de\/index.php?rest_route=\/wp\/v2\/pages"}],"about":[{"href":"https:\/\/gemeinsameltern.de\/index.php?rest_route=\/wp\/v2\/types\/page"}],"author":[{"embeddable":true,"href":"https:\/\/gemeinsameltern.de\/index.php?rest_route=\/wp\/v2\/users\/1"}],"replies":[{"embeddable":true,"href":"https:\/\/gemeinsameltern.de\/index.php?rest_route=%2Fwp%2Fv2%2Fcomments&post=13339"}],"version-history":[{"count":4,"href":"https:\/\/gemeinsameltern.de\/index.php?rest_route=\/wp\/v2\/pages\/13339\/revisions"}],"predecessor-version":[{"id":13346,"href":"https:\/\/gemeinsameltern.de\/index.php?rest_route=\/wp\/v2\/pages\/13339\/revisions\/13346"}],"wp:attachment":[{"href":"https:\/\/gemeinsameltern.de\/index.php?rest_route=%2Fwp%2Fv2%2Fmedia&parent=13339"}],"curies":[{"name":"wp","href":"https:\/\/api.w.org\/{rel}","templated":true}]}}